{"id":60,"date":"2025-05-16T19:50:39","date_gmt":"2025-05-16T19:50:39","guid":{"rendered":"https:\/\/terrasolar.rs\/?page_id=60"},"modified":"2025-06-08T10:01:26","modified_gmt":"2025-06-08T10:01:26","slug":"projekti","status":"publish","type":"page","link":"https:\/\/terrasolar.rs\/sr\/projekti\/","title":{"rendered":"Projekti"},"content":{"rendered":"\n<div class=\"wp-block-uagb-container uagb-block-keyc0hkp alignfull uagb-is-root-container\"><div class=\"uagb-container-inner-blocks-wrap\"><\/div><\/div>\n\n\n\n<div data-aos= \"fade-up\" data-aos-duration=\"400\" data-aos-delay=\"0\" data-aos-easing=\"ease\" data-aos-once=\"true\" class=\"wp-block-uagb-container uagb-block-6pbhricy alignfull uagb-is-root-container\"><div class=\"uagb-container-inner-blocks-wrap\">\n<div class=\"wp-block-uagb-info-box uagb-block-noq6efq8 uagb-infobox__content-wrap  uagb-infobox-icon-above-title uagb-infobox-image-valign-top\"><div class=\"uagb-ifb-content\"><div class=\"uagb-ifb-title-wrap\"><p class=\"uagb-ifb-title-prefix\">PROJEKTI<\/p><h3 class=\"uagb-ifb-title\">Neki od projekata kojima se ponosimo i sa kojima ispunjavamo na\u0161u misiju.<br>Da \u017eivimo u \u010distijem okru\u017eenju.<\/h3><\/div><\/div><\/div>\n<\/div><\/div>\n\n\n\n<div class=\"wp-block-uagb-container uagb-block-r5udqke7 alignfull uagb-is-root-container\"><div class=\"uagb-container-inner-blocks-wrap\">\n<div class=\"wp-block-uagb-container uagb-block-vy4ivgnz\">\n<div data-aos= \"fade-up\" data-aos-duration=\"400\" data-aos-delay=\"0\" data-aos-easing=\"ease\" data-aos-once=\"true\" class=\"wp-block-uagb-container uagb-layout-grid uagb-block-612f6c1e\">\n<figure class=\"wp-block-image size-full alignleft\"><img loading=\"lazy\" decoding=\"async\" width=\"1600\" height=\"1200\" src=\"https:\/\/terrasolar.rs\/wp-content\/uploads\/2025\/05\/viber_image_2023-10-25_18-21-52-779-003.jpg\" alt=\"\" class=\"wp-image-40\" style=\"aspect-ratio:16\/9;object-fit:cover\" srcset=\"https:\/\/terrasolar.rs\/wp-content\/uploads\/2025\/05\/viber_image_2023-10-25_18-21-52-779-003.jpg 1600w, https:\/\/terrasolar.rs\/wp-content\/uploads\/2025\/05\/viber_image_2023-10-25_18-21-52-779-003-300x225.jpg 300w, https:\/\/terrasolar.rs\/wp-content\/uploads\/2025\/05\/viber_image_2023-10-25_18-21-52-779-003-1024x768.jpg 1024w, https:\/\/terrasolar.rs\/wp-content\/uploads\/2025\/05\/viber_image_2023-10-25_18-21-52-779-003-768x576.jpg 768w, https:\/\/terrasolar.rs\/wp-content\/uploads\/2025\/05\/viber_image_2023-10-25_18-21-52-779-003-1536x1152.jpg 1536w, https:\/\/terrasolar.rs\/wp-content\/uploads\/2025\/05\/viber_image_2023-10-25_18-21-52-779-003-16x12.jpg 16w\" sizes=\"auto, (max-width: 1600px) 100vw, 1600px\" \/><\/figure>\n\n\n\n<div data-aos= \"fade-right\" data-aos-duration=\"400\" data-aos-delay=\"0\" data-aos-easing=\"ease\" data-aos-once=\"true\" class=\"wp-block-uagb-info-box uagb-block-nhxcoror uagb-infobox__content-wrap  uagb-infobox-icon-above-title uagb-infobox-image-valign-top wp-block-uagb-info-box--has-margin\"><div class=\"uagb-infobox-margin-wrapper\"><div class=\"uagb-ifb-content\"><div class=\"uagb-ifb-title-wrap\"><p class=\"uagb-ifb-title-prefix\">IMT Knja\u017eevac<\/p><h3 class=\"uagb-ifb-title\">Instalirana snaga 1724kWp<\/h3><\/div><div class=\"uagb-ifb-button-wrapper wp-block-button\"><a href=\"https:\/\/terrasolar.rs\/imt-knjazevac\/\" class=\"uagb-infobox-cta-link wp-block-button__link\" target=\"_self\" rel=\"noopener noreferrer\" onclick=\"return true;\"><span class=\"uagb-inline-editing\">Vi\u0161e informacija<\/span><\/a><\/div><\/div><\/div><\/div>\n<\/div>\n\n\n\n<div class=\"wp-block-uagb-separator uagb-block-e87dccb7\"><div class=\"wp-block-uagb-separator__inner\" style=\"--my-background-image:\"><\/div><\/div>\n\n\n\n<div data-aos= \"fade-up\" data-aos-duration=\"400\" data-aos-delay=\"0\" data-aos-easing=\"ease\" data-aos-once=\"true\" class=\"wp-block-uagb-container uagb-layout-grid uagb-block-7f61690c\">\n<figure class=\"wp-block-image size-custom alignleft\"><img decoding=\"async\" src=\"https:\/\/terrasolar.rs\/wp-content\/uploads\/2025\/05\/e75bce_57562e08b3c64f90b4e2b14345ced7bcmv2.avif\" alt=\"\" style=\"aspect-ratio:16\/9;object-fit:cover\"\/><\/figure>\n\n\n\n<div data-aos= \"slide-right\" data-aos-duration=\"400\" data-aos-delay=\"0\" data-aos-easing=\"ease\" data-aos-once=\"true\" class=\"wp-block-uagb-info-box uagb-block-c3fafafe uagb-infobox__content-wrap  uagb-infobox-icon-above-title uagb-infobox-image-valign-top\"><div class=\"uagb-ifb-content\"><div class=\"uagb-ifb-title-wrap\"><p class=\"uagb-ifb-title-prefix\">DELAERO Commerce<\/p><h3 class=\"uagb-ifb-title\">Instalirana snaga 275kWp<br><\/h3><\/div><div class=\"uagb-ifb-button-wrapper wp-block-button\"><a href=\"\/delaero-commerce\" class=\"uagb-infobox-cta-link wp-block-button__link\" target=\"_self\" rel=\"noopener noreferrer\" onclick=\"return true;\"><span class=\"uagb-inline-editing\">Vi\u0161e informacija<\/span><\/a><\/div><\/div><\/div>\n<\/div>\n\n\n\n<div class=\"wp-block-uagb-separator uagb-block-8c1d03c6\"><div class=\"wp-block-uagb-separator__inner\" style=\"--my-background-image:\"><\/div><\/div>\n\n\n\n<div data-aos= \"fade-up\" data-aos-duration=\"400\" data-aos-delay=\"0\" data-aos-easing=\"ease\" data-aos-once=\"true\" class=\"wp-block-uagb-container uagb-layout-grid uagb-block-1bb717bb\">\n<figure class=\"wp-block-image size-custom alignleft\"><img decoding=\"async\" src=\"https:\/\/terrasolar.rs\/wp-content\/uploads\/2025\/05\/fc662b_1553ca85cd784b048de93047c5004feamv2-1024x460.avif\" alt=\"\" style=\"aspect-ratio:16\/9;object-fit:cover\"\/><\/figure>\n\n\n\n<div data-aos= \"slide-right\" data-aos-duration=\"400\" data-aos-delay=\"0\" data-aos-easing=\"ease\" data-aos-once=\"true\" class=\"wp-block-uagb-info-box uagb-block-f3ce3336 uagb-infobox__content-wrap  uagb-infobox-icon-above-title uagb-infobox-image-valign-top\"><div class=\"uagb-ifb-content\"><div class=\"uagb-ifb-title-wrap\"><p class=\"uagb-ifb-title-prefix\">OMV<\/p><h3 class=\"uagb-ifb-title\">Instalirana snaga 63kWp<\/h3><\/div><\/div><\/div>\n<\/div>\n\n\n\n<div class=\"wp-block-uagb-separator uagb-block-a5bcc0e2\"><div class=\"wp-block-uagb-separator__inner\" style=\"--my-background-image:\"><\/div><\/div>\n\n\n\n<div data-aos= \"fade-up\" data-aos-duration=\"400\" data-aos-delay=\"0\" data-aos-easing=\"ease\" data-aos-once=\"true\" class=\"wp-block-uagb-container uagb-layout-grid uagb-block-97b3a32d\">\n<figure class=\"wp-block-image size-custom alignleft\"><img decoding=\"async\" src=\"https:\/\/terrasolar.rs\/wp-content\/uploads\/2025\/05\/fc662b_f1bc2e58d39f49bfa6c88171d07ec819mv2-1024x460.avif\" alt=\"\" style=\"aspect-ratio:16\/9;object-fit:cover\"\/><\/figure>\n\n\n\n<div data-aos= \"slide-right\" data-aos-duration=\"400\" data-aos-delay=\"0\" data-aos-easing=\"ease\" data-aos-once=\"true\" class=\"wp-block-uagb-info-box uagb-block-771ce5fa uagb-infobox__content-wrap  uagb-infobox-icon-above-title uagb-infobox-image-valign-top\"><div class=\"uagb-ifb-content\"><div class=\"uagb-ifb-title-wrap\"><p class=\"uagb-ifb-title-prefix\">Blue line<\/p><h3 class=\"uagb-ifb-title\">Instalirana snaga 161kWp<\/h3><\/div><\/div><\/div>\n<\/div>\n\n\n\n<div class=\"wp-block-uagb-separator uagb-block-fb9ccc90\"><div class=\"wp-block-uagb-separator__inner\" style=\"--my-background-image:\"><\/div><\/div>\n\n\n\n<div data-aos= \"fade-up\" data-aos-duration=\"400\" data-aos-delay=\"0\" data-aos-easing=\"ease\" data-aos-once=\"true\" class=\"wp-block-uagb-container uagb-layout-grid uagb-block-kbd9pra1\">\n<figure class=\"wp-block-image size-custom alignleft\"><img decoding=\"async\" src=\"https:\/\/terrasolar.rs\/wp-content\/uploads\/2025\/05\/fc662b_e9ceced9a3e24af3acd76ada36bcc06cmv2-1024x460.avif\" alt=\"\" style=\"aspect-ratio:16\/9;object-fit:cover\"\/><\/figure>\n\n\n\n<div data-aos= \"slide-right\" data-aos-duration=\"400\" data-aos-delay=\"0\" data-aos-easing=\"ease\" data-aos-once=\"true\" class=\"wp-block-uagb-info-box uagb-block-a70e2d51 uagb-infobox__content-wrap  uagb-infobox-icon-above-title uagb-infobox-image-valign-top\"><div class=\"uagb-ifb-content\"><div class=\"uagb-ifb-title-wrap\"><p class=\"uagb-ifb-title-prefix\">AD Aleva<\/p><h3 class=\"uagb-ifb-title\">Instalirana snaga 240kWp<\/h3><\/div><\/div><\/div>\n<\/div>\n\n\n\n<div class=\"wp-block-uagb-separator uagb-block-hj2ihwnq\"><div class=\"wp-block-uagb-separator__inner\" style=\"--my-background-image:\"><\/div><\/div>\n<\/div>\n<\/div><\/div>\n","protected":false},"excerpt":{"rendered":"","protected":false},"author":1,"featured_media":0,"parent":0,"menu_order":0,"comment_status":"closed","ping_status":"closed","template":"page-no-title","meta":{"_uag_custom_page_level_css":"","footnotes":""},"class_list":["post-60","page","type-page","status-publish","hentry"],"uagb_featured_image_src":{"full":false,"thumbnail":false,"medium":false,"medium_large":false,"large":false,"1536x1536":false,"2048x2048":false,"trp-custom-language-flag":false},"uagb_author_info":{"display_name":"admin","author_link":"https:\/\/terrasolar.rs\/sr\/author\/admin\/"},"uagb_comment_info":0,"uagb_excerpt":null,"_links":{"self":[{"href":"https:\/\/terrasolar.rs\/sr\/wp-json\/wp\/v2\/pages\/60","targetHints":{"allow":["GET"]}}],"collection":[{"href":"https:\/\/terrasolar.rs\/sr\/wp-json\/wp\/v2\/pages"}],"about":[{"href":"https:\/\/terrasolar.rs\/sr\/wp-json\/wp\/v2\/types\/page"}],"author":[{"embeddable":true,"href":"https:\/\/terrasolar.rs\/sr\/wp-json\/wp\/v2\/users\/1"}],"replies":[{"embeddable":true,"href":"https:\/\/terrasolar.rs\/sr\/wp-json\/wp\/v2\/comments?post=60"}],"version-history":[{"count":25,"href":"https:\/\/terrasolar.rs\/sr\/wp-json\/wp\/v2\/pages\/60\/revisions"}],"predecessor-version":[{"id":442,"href":"https:\/\/terrasolar.rs\/sr\/wp-json\/wp\/v2\/pages\/60\/revisions\/442"}],"wp:attachment":[{"href":"https:\/\/terrasolar.rs\/sr\/wp-json\/wp\/v2\/media?parent=60"}],"curies":[{"name":"wp","href":"https:\/\/api.w.org\/{rel}","templated":true}]}}