{"id":58,"date":"2025-05-16T19:50:25","date_gmt":"2025-05-16T19:50:25","guid":{"rendered":"https:\/\/terrasolar.rs\/?page_id=58"},"modified":"2025-06-14T11:34:12","modified_gmt":"2025-06-14T11:34:12","slug":"poslovni-model","status":"publish","type":"page","link":"https:\/\/terrasolar.rs\/sr\/poslovni-model\/","title":{"rendered":"Poslovni model"},"content":{"rendered":"\n<div class=\"wp-block-uagb-container uagb-block-keyc0hkp alignfull uagb-is-root-container\"><div class=\"uagb-container-inner-blocks-wrap\"><\/div><\/div>\n\n\n\n<div class=\"wp-block-uagb-container uagb-block-6pbhricy alignfull uagb-is-root-container\"><div class=\"uagb-container-inner-blocks-wrap\">\n<div data-aos= \"fade-right\" data-aos-duration=\"400\" data-aos-delay=\"0\" data-aos-easing=\"ease\" data-aos-once=\"true\" class=\"wp-block-uagb-info-box uagb-block-noq6efq8 uagb-infobox__content-wrap  uagb-infobox-icon-above-title uagb-infobox-image-valign-top\"><div class=\"uagb-ifb-content\"><div class=\"uagb-ifb-title-wrap\"><p class=\"uagb-ifb-title-prefix\">POSLOVNI MODEL<\/p><h3 class=\"uagb-ifb-title\">Solarne elektrane za sopstvene potrebe su sredstvo kojim \u0107emo odgovoriti na izazov sa kojim se suo\u010davamo.&nbsp;Terra Solar&nbsp;\u0107e obezbediti finansije i izgraditi solarnu elektranu kako bi va\u0161a kompanija sama proizvodila elektri\u010dnu energiju koriste\u0107i snagu sunca.&nbsp;<br>&nbsp;<br>Donesite svesnu odluku da deo elektri\u010dne energije koju svakako tro\u0161ite, sami proizvedete koriste\u0107i solarnu elektranu koja je projektovana i dimenzionisana prema va\u0161im specifi\u010dnim potrebama.<\/h3><\/div><\/div><\/div>\n\n\n\n<div class=\"wp-block-uagb-container uagb-layout-grid uagb-block-5zfvbdma\">\n<div data-aos= \"zoom-out-down\" data-aos-duration=\"400\" data-aos-delay=\"0\" data-aos-easing=\"ease\" data-aos-once=\"true\" class=\"wp-block-uagb-container uagb-block-pvmh6zk0\">\n<div class=\"wp-block-uagb-info-box uagb-block-ta08miq3 uagb-infobox__content-wrap  uagb-infobox-icon-above-title uagb-infobox-image-valign-top\"><div class=\"uagb-ifb-content\"><div class=\"uagb-ifb-image-content\"><img decoding=\"async\" src=\"https:\/\/terrasolar.rs\/wp-content\/uploads\/2025\/05\/icons8-communication-100-1.png\" alt=\"\" width=\"120\" height=\"120\" loading=\"lazy\"\/><\/div><div class=\"uagb-ifb-title-wrap\"><h4 class=\"uagb-ifb-title\">Besplatne konsultacije<\/h4><\/div><p class=\"uagb-ifb-desc\">Zaka\u017eite besplatnu konsultaciju o mogu\u0107nostima saradnje<\/p><\/div><\/div>\n<\/div>\n\n\n\n<div data-aos= \"zoom-out-up\" data-aos-duration=\"400\" data-aos-delay=\"0\" data-aos-easing=\"ease\" data-aos-once=\"true\" class=\"wp-block-uagb-container uagb-block-f0v8b1de\">\n<div class=\"wp-block-uagb-info-box uagb-block-g9c2s3xk uagb-infobox__content-wrap  uagb-infobox-icon-above-title uagb-infobox-image-valign-top\"><div class=\"uagb-ifb-content\"><div class=\"uagb-ifb-image-content\"><img decoding=\"async\" src=\"https:\/\/terrasolar.rs\/wp-content\/uploads\/2025\/05\/icons8-sorting-100-1.png\" alt=\"\" width=\"120\" height=\"120\" loading=\"lazy\"\/><\/div><div class=\"uagb-ifb-title-wrap\"><h4 class=\"uagb-ifb-title\">Analiza<\/h4><\/div><p class=\"uagb-ifb-desc\">Analiza potro\u0161nje za predhodnih 12 meseci, merenje i analiza dnevnog i nedeljnog modela potro\u0161nje<\/p><\/div><\/div>\n<\/div>\n\n\n\n<div data-aos= \"zoom-out-down\" data-aos-duration=\"400\" data-aos-delay=\"0\" data-aos-easing=\"ease\" data-aos-once=\"true\" class=\"wp-block-uagb-container uagb-block-5f66fd51\">\n<div class=\"wp-block-uagb-info-box uagb-block-cnvbkdta uagb-infobox__content-wrap  uagb-infobox-icon-above-title uagb-infobox-image-valign-top\"><div class=\"uagb-ifb-content\"><div class=\"uagb-ifb-image-content\"><img decoding=\"async\" src=\"https:\/\/terrasolar.rs\/wp-content\/uploads\/2025\/05\/icons8-workflow-100-1.png\" alt=\"\" width=\"120\" height=\"120\" loading=\"lazy\"\/><\/div><div class=\"uagb-ifb-title-wrap\"><h4 class=\"uagb-ifb-title\">Idejno re\u0161enje<\/h4><\/div><p class=\"uagb-ifb-desc\">Dimenzionisanje optimalnog solarnog sistema u skladu sa va\u0161im potrebama i krovnim povr\u0161inama<\/p><\/div><\/div>\n<\/div>\n\n\n\n<div data-aos= \"zoom-out-up\" data-aos-duration=\"400\" data-aos-delay=\"0\" data-aos-easing=\"ease\" data-aos-once=\"true\" class=\"wp-block-uagb-container uagb-block-a6c1be26\">\n<div class=\"wp-block-uagb-info-box uagb-block-pierncn6 uagb-infobox__content-wrap  uagb-infobox-icon-above-title uagb-infobox-image-valign-top\"><div class=\"uagb-ifb-content\"><div class=\"uagb-ifb-image-content\"><img decoding=\"async\" src=\"https:\/\/terrasolar.rs\/wp-content\/uploads\/2025\/05\/icons8-ok-hand-100-1.png\" alt=\"\" width=\"120\" height=\"120\" loading=\"lazy\"\/><\/div><div class=\"uagb-ifb-title-wrap\"><h4 class=\"uagb-ifb-title\">Ugovor<\/h4><\/div><p class=\"uagb-ifb-desc\">Uskla\u0111ivanje i potpisivanje ugovora<\/p><\/div><\/div>\n<\/div>\n\n\n\n<div data-aos= \"zoom-out-down\" data-aos-duration=\"400\" data-aos-delay=\"0\" data-aos-easing=\"ease\" data-aos-once=\"true\" class=\"wp-block-uagb-container uagb-block-rnzw6jih\">\n<div class=\"wp-block-uagb-info-box uagb-block-4be271a3 uagb-infobox__content-wrap  uagb-infobox-icon-above-title uagb-infobox-image-valign-top\"><div class=\"uagb-ifb-content\"><div class=\"uagb-ifb-image-content\"><img decoding=\"async\" src=\"https:\/\/terrasolar.rs\/wp-content\/uploads\/2025\/05\/icons8-engineering-100-1.png\" alt=\"\" width=\"120\" height=\"120\" loading=\"lazy\"\/><\/div><div class=\"uagb-ifb-title-wrap\"><h4 class=\"uagb-ifb-title\">Implementacija<\/h4><\/div><p class=\"uagb-ifb-desc\">Projektovanje i ishodovanje neophodnih dozvola i isporuka i monta\u017ea solarnog sistema<\/p><\/div><\/div>\n<\/div>\n\n\n\n<div data-aos= \"zoom-out-up\" data-aos-duration=\"400\" data-aos-delay=\"0\" data-aos-easing=\"ease\" data-aos-once=\"true\" class=\"wp-block-uagb-container uagb-block-ywbpoblp\">\n<div class=\"wp-block-uagb-info-box uagb-block-4720fb14 uagb-infobox__content-wrap  uagb-infobox-icon-above-title uagb-infobox-image-valign-top\"><div class=\"uagb-ifb-content\"><div class=\"uagb-ifb-image-content\"><img decoding=\"async\" src=\"https:\/\/terrasolar.rs\/wp-content\/uploads\/2025\/05\/icons8-warranty-100-1.png\" alt=\"\" width=\"120\" height=\"120\" loading=\"lazy\"\/><\/div><div class=\"uagb-ifb-title-wrap\"><h4 class=\"uagb-ifb-title\">Odr\u017eavanje<\/h4><\/div><p class=\"uagb-ifb-desc\">Preventivno i korektivno odr\u017eavanje sistema<\/p><\/div><\/div>\n<\/div>\n<\/div>\n<\/div><\/div>\n","protected":false},"excerpt":{"rendered":"","protected":false},"author":1,"featured_media":0,"parent":0,"menu_order":0,"comment_status":"closed","ping_status":"closed","template":"page-no-title","meta":{"_uag_custom_page_level_css":"","footnotes":""},"class_list":["post-58","page","type-page","status-publish","hentry"],"uagb_featured_image_src":{"full":false,"thumbnail":false,"medium":false,"medium_large":false,"large":false,"1536x1536":false,"2048x2048":false,"trp-custom-language-flag":false},"uagb_author_info":{"display_name":"admin","author_link":"https:\/\/terrasolar.rs\/sr\/author\/admin\/"},"uagb_comment_info":0,"uagb_excerpt":null,"_links":{"self":[{"href":"https:\/\/terrasolar.rs\/sr\/wp-json\/wp\/v2\/pages\/58","targetHints":{"allow":["GET"]}}],"collection":[{"href":"https:\/\/terrasolar.rs\/sr\/wp-json\/wp\/v2\/pages"}],"about":[{"href":"https:\/\/terrasolar.rs\/sr\/wp-json\/wp\/v2\/types\/page"}],"author":[{"embeddable":true,"href":"https:\/\/terrasolar.rs\/sr\/wp-json\/wp\/v2\/users\/1"}],"replies":[{"embeddable":true,"href":"https:\/\/terrasolar.rs\/sr\/wp-json\/wp\/v2\/comments?post=58"}],"version-history":[{"count":24,"href":"https:\/\/terrasolar.rs\/sr\/wp-json\/wp\/v2\/pages\/58\/revisions"}],"predecessor-version":[{"id":468,"href":"https:\/\/terrasolar.rs\/sr\/wp-json\/wp\/v2\/pages\/58\/revisions\/468"}],"wp:attachment":[{"href":"https:\/\/terrasolar.rs\/sr\/wp-json\/wp\/v2\/media?parent=58"}],"curies":[{"name":"wp","href":"https:\/\/api.w.org\/{rel}","templated":true}]}}