{"id":56,"date":"2025-05-16T19:50:05","date_gmt":"2025-05-16T19:50:05","guid":{"rendered":"https:\/\/terrasolar.rs\/?page_id=56"},"modified":"2025-06-08T10:24:03","modified_gmt":"2025-06-08T10:24:03","slug":"zivotna-sredina","status":"publish","type":"page","link":"https:\/\/terrasolar.rs\/sr\/zivotna-sredina\/","title":{"rendered":"\u017divotna sredina"},"content":{"rendered":"\n<div data-aos= \"fade-up\" data-aos-duration=\"400\" data-aos-delay=\"0\" data-aos-easing=\"ease\" data-aos-once=\"true\" class=\"wp-block-uagb-container uagb-layout-grid uagb-block-q6xmxqam alignwide uagb-is-root-container\">\n<div class=\"wp-block-cover is-light\"><video class=\"wp-block-cover__video-background intrinsic-ignore\" autoplay muted loop playsinline src=\"https:\/\/terrasolar.rs\/wp-content\/uploads\/2025\/05\/12-Brown-Coal-25608.mp4\" data-object-fit=\"cover\"><\/video><span aria-hidden=\"true\" class=\"wp-block-cover__background has-background-dim-0 has-background-dim\" style=\"background-color:#FFF\"><\/span><div class=\"wp-block-cover__inner-container has-global-padding is-layout-constrained wp-block-cover-is-layout-constrained\">\n<p class=\"has-text-align-center has-large-font-size\"><\/p>\n<\/div><\/div>\n\n\n\n<div data-aos= \"fade-down\" data-aos-duration=\"400\" data-aos-delay=\"0\" data-aos-easing=\"ease\" data-aos-once=\"true\" class=\"wp-block-uagb-info-box uagb-block-rjqax1lu uagb-infobox__content-wrap  uagb-infobox-icon-above-title uagb-infobox-image-valign-top\"><div class=\"uagb-ifb-content\"><div class=\"uagb-ifb-title-wrap\"><h3 class=\"uagb-ifb-title\">Izazov<\/h3><\/div><p class=\"uagb-ifb-desc\">\u017divimo u izuzetno zaga\u0111enoj sredini. Projekcije pokazuju da \u0107e trend zaga\u0111enja nastaviti da raste. Zaga\u0111enje uti\u010de na kvalitet vazduha, vode, hrane, \u017eivotne sredine, generalno na kvalitet \u017eivota. Kada pogledamo statisti\u010dke podatke kao najve\u0107i pojedina\u010dni zaga\u0111iva\u010di vazduha se navode termoelektrane koje ispu\u0161taju milione \u0161tetnih \u010destica svake sekunde u vazduh.<br><\/p><\/div><\/div>\n<\/div>\n\n\n\n<div data-aos= \"fade-up\" data-aos-duration=\"400\" data-aos-delay=\"0\" data-aos-easing=\"ease\" data-aos-once=\"true\" class=\"wp-block-uagb-container uagb-layout-grid uagb-block-14190777 alignwide uagb-is-root-container\">\n<div data-aos= \"fade-up\" data-aos-duration=\"400\" data-aos-delay=\"0\" data-aos-easing=\"ease\" data-aos-once=\"true\" class=\"wp-block-uagb-info-box uagb-block-bad22526 uagb-infobox__content-wrap  uagb-infobox-icon-above-title uagb-infobox-image-valign-top\"><div class=\"uagb-ifb-content\"><div class=\"uagb-ifb-title-wrap\"><h3 class=\"uagb-ifb-title\">Re\u0161enje<\/h3><\/div><p class=\"uagb-ifb-desc\">Ukoliko smanjimo emisiju \u0161tetnih gasova u vazduhu, direktno \u0107emo uticati na pobolj\u0161anje kvaliteta vazduha kao i na \u017eivotnu sredinu u celini. &nbsp;Svaka kompanija koja sama proizvede deo energije \u0107e direktno uticati na smanjenje SO2 \u2013 sulfur dioksida, CO2 \u2013 ugljen dioksida i NOx \u2013 azotnih oksida, i time doprineti ispunjenju na\u0161e zajedni\u010dke misije, a to je da \u017eivimo u \u010distijem okru\u017eenju.<br><\/p><\/div><\/div>\n\n\n\n<div class=\"wp-block-cover is-light\"><video class=\"wp-block-cover__video-background intrinsic-ignore\" autoplay muted loop playsinline src=\"https:\/\/terrasolar.rs\/wp-content\/uploads\/2025\/05\/file.mp4\" data-object-fit=\"cover\"><\/video><span aria-hidden=\"true\" class=\"wp-block-cover__background has-background-dim-0 has-background-dim\" style=\"background-color:#FFF\"><\/span><div class=\"wp-block-cover__inner-container has-global-padding is-layout-constrained wp-block-cover-is-layout-constrained\">\n<p class=\"has-text-align-center has-large-font-size\"><\/p>\n<\/div><\/div>\n<\/div>\n\n\n\n<div data-aos= \"fade-up\" data-aos-duration=\"400\" data-aos-delay=\"0\" data-aos-easing=\"ease\" data-aos-once=\"true\" class=\"wp-block-uagb-container uagb-block-1a669934 alignfull uagb-is-root-container\"><div class=\"uagb-container-inner-blocks-wrap\">\n<p>Analiza koju je pripremio Evropski registar zaga\u0111iva\u010da,&nbsp;<a href=\"https:\/\/www.airclim.org\/acidnews\/europe%E2%80%99s-most-polluting-power-plants\" target=\"_blank\" rel=\"noreferrer noopener\">The European Pollutant Release and Transfer Register<\/a>&nbsp;prikazuje 12 najve\u0107ih pojedina\u010dnih zaga\u0111iva\u010da u evropi u kategorijama SO2 \u2013 sulfur dioksid, CO2 \u2013 ugljen dioksid i NOx \u2013 azotni oksid. U Srbiji se nalaze 4 od 12 najve\u0107ih pojedina\u010dnih zaga\u0111iva\u010da vazduha u Evropi.<\/p>\n\n\n\n<p>Kvalitet vazduha u Srbiji je lo\u0161, merenja pokazuju da gra\u0111ani po celoj zemlji udi\u0161u vazduh koji se smatra \u0161tetnim po zdravlje. Na primer, koncentracije PM2,5 i PM10 su puno ve\u0107e od onih koje su Evropska unija i Svetska Zdravstvena Organizacija (<a href=\"https:\/\/www.who.int\/\" target=\"_blank\" rel=\"noreferrer noopener\">WHO<\/a>) postavili da bi za\u0161titile zdravlje.<\/p>\n\n\n\n<p>\u017divimo u izuzetno zaga\u0111enoj sredini. Projekcije pokazuju da \u0107e trend zaga\u0111enja nastaviti da raste. Zaga\u0111enje uti\u010de na kvalitet vazduha, vode, hrane, \u017eivotne sredine, generalno na kvalitet \u017eivota. Kada pogledamo statisti\u010dke podatke kao najve\u0107i pojedina\u010dni zaga\u0111iva\u010di vazduha se navode termoelektrane koje ispu\u0161taju milione \u0161tetnih \u010destica svake sekunde u vazduh.<\/p>\n\n\n\n<p>Termoelektrane u kojima se sagorevaju ogromne koli\u010dine uglja za proizvodnju elektri\u010dne energije osloba\u0111aju mnoge zaga\u0111uju\u0107e materije koje dospevaju u vazduh. Mnogi gradovi danas su pod konstantnom izmaglicom i smogom, koji su direktan rezultat zaga\u0111enja vazduha.<\/p>\n\n\n\n<p>Prema Agenciji za za\u0161titu \u017eivotne sredine republike Srbije i institutu za hemiju, tehnologiju i metalurgiju, zaga\u0111enje vazduha je prepoznato kao glavni faktor rizika za zdravlje ljudi. Smatra se da kvalitet vazduha u urbanim sredinama ima ve\u0107i uticaj na zdravlje stanovni\u0161tva nego svi ostali faktori \u017eivotne sredine, a da zaga\u0111iva\u010di vazduha predstavljaju jedan od najzna\u010dajnijih uzroka zdravstvenih problema uop\u0161te.<\/p>\n\n\n\n<p>Struktura proizvodnje elektri\u010dne energije u Srbiji je podeljena na 4 kategorije i to:<\/p>\n\n\n\n<figure class=\"wp-block-image aligncenter size-large\"><img loading=\"lazy\" decoding=\"async\" width=\"1024\" height=\"274\" src=\"https:\/\/terrasolar.rs\/wp-content\/uploads\/2025\/06\/Screenshot-2025-06-08-at-12.13.07-1024x274.png\" alt=\"\" class=\"wp-image-452\" srcset=\"https:\/\/terrasolar.rs\/wp-content\/uploads\/2025\/06\/Screenshot-2025-06-08-at-12.13.07-1024x274.png 1024w, https:\/\/terrasolar.rs\/wp-content\/uploads\/2025\/06\/Screenshot-2025-06-08-at-12.13.07-300x80.png 300w, https:\/\/terrasolar.rs\/wp-content\/uploads\/2025\/06\/Screenshot-2025-06-08-at-12.13.07-768x206.png 768w, https:\/\/terrasolar.rs\/wp-content\/uploads\/2025\/06\/Screenshot-2025-06-08-at-12.13.07-1536x411.png 1536w, https:\/\/terrasolar.rs\/wp-content\/uploads\/2025\/06\/Screenshot-2025-06-08-at-12.13.07-2048x548.png 2048w, https:\/\/terrasolar.rs\/wp-content\/uploads\/2025\/06\/Screenshot-2025-06-08-at-12.13.07-18x5.png 18w\" sizes=\"auto, (max-width: 1024px) 100vw, 1024px\" \/><\/figure>\n<\/div><\/div>\n\n\n\n<div data-aos= \"fade-up\" data-aos-duration=\"400\" data-aos-delay=\"0\" data-aos-easing=\"ease\" data-aos-once=\"true\" class=\"wp-block-uagb-container uagb-block-079c4230 alignfull uagb-is-root-container\"><div class=\"uagb-container-inner-blocks-wrap\">\n<p>Od ukupne koli\u010dine elektri\u010dne energije 67,4% je proizvedeno u termoelektranama. Da bi proizveli tu koli\u010dinu elektri\u010dne energije u termoelektranama morali smo da emitujemo slede\u0107u koli\u010dinu gasova u vazduh:\u200b<\/p>\n\n\n\n<ul class=\"wp-block-list\">\n<li>20,808,000 tona CO2&nbsp;\u2013 ugljen dioksida<\/li>\n\n\n\n<li>160,221 tona SO2&nbsp;\u2013 sulfur dioksida<\/li>\n\n\n\n<li>2,194 tona NOx \u2013 azotnih oksida<\/li>\n<\/ul>\n\n\n\n<p>Zaga\u0111enje koje prouzrokuje proizvodnja elektri\u010dne energije fosilnim gorivima, naru\u0161ava kvalitet \u017eivotne sredine i ugro\u017eava klimatsku stabilnost planete. Prose\u010dna godi\u0161nja temperatura na planeti raste usled uve\u0107ane koncentracijeg gasova sa efektom staklene ba\u0161te u zemljinoj atmosferi, koji se ispu\u0161taju prilikom proizvodnje elektri\u010dne energije sagorevanjem fosilnih goriva. Pove\u0107anje prose\u010dne temperature dovodi do klimatskih promena koje \u0107e imati nesagledive negativne posledice na ekosisteme i privrede \u0161irom sveta.<\/p>\n\n\n\n<p>Izazov sa kojim se suo\u010davamo je beskona\u010dan ukoliko je cilj da u potpunosti uklonimo \u0161tetne uticaje na \u017eivotnu sredinu, ali vrlo dosti\u017ean ukoliko je cilj da ih smanjimo i time direktno uti\u010demo na pobolj\u0161anje na\u0161eg okru\u017eenja, kvalitet vazduha i \u017eivot u celini.<\/p>\n\n\n\n<p>Svaki kWh koji sami proizvedemo koriste\u0107i snagu sunca doprinosi smanjenju emisije \u0161tetnih gasova u vazduh, kao i uglja potrebnog da se taj kWh proizvede i to za:<\/p>\n\n\n\n<ul class=\"wp-block-list\">\n<li>0.9kg CO2 &#8211; ugljen dioksid<\/li>\n\n\n\n<li>6.93g SO2 &#8211; sulfur dioksid<\/li>\n\n\n\n<li>0.09g NOx &#8211; azotni oksidi<\/li>\n\n\n\n<li>0.4 kg&nbsp; &#8211; uglja<\/li>\n<\/ul>\n\n\n\n<p>Solarna elektrana od 50kWp godi\u0161nje proizvede 60.000 kWh elektri\u010dne energije i time smanjuje emisiju \u0161tetnih gasova za 54.000 kg CO2, 415 kg SO2, 5 kg SO2. Tako\u0111e uti\u010de na smanjenje se\u010de \u0161uma za 3.300 odraslih stabala drve\u0107a i smanjenje koli\u010dine uglja potrebnog da proizvede tu koli\u010dinu elektri\u010dne energije za 24.000 kg.<\/p>\n\n\n\n<p>Ukoliko smanjimo emisiju \u0161tetnih gasova u vazduhu, direktno \u0107emo uticati na pobolj\u0161anje kvaliteta vazduha kao i na \u017eivotnu sredinu u celini. &nbsp;Svaka kompanija koja sama proizvede deo energije \u0107e direktno uticati na smanjenje SO2 \u2013 sulfur dioksida, CO2 \u2013 ugljen dioksida i NOx \u2013 azotnih oksida, i time doprineti ispunjenju na\u0161e zajedni\u010dke misije, a to je da \u017eivimo u \u010distijem okru\u017eenju.<\/p>\n\n\n\n<p>Osnovna ideja je da vremenom kolektivni u\u010dinak bude zna\u010dajan, i da kompanije donesu svesnu odluku o tome da iskorite energiju sunca i da same proizvedu elektri\u010dnu energiju koju \u0107e iskoristiti da pokriju deo svojih potreba.<\/p>\n<\/div><\/div>\n","protected":false},"excerpt":{"rendered":"<p>Analiza koju je pripremio Evropski registar zaga\u0111iva\u010da,&nbsp;The European Pollutant Release and Transfer Register&nbsp;prikazuje 12 najve\u0107ih pojedina\u010dnih zaga\u0111iva\u010da u evropi u kategorijama SO2 \u2013 sulfur dioksid, CO2 \u2013 ugljen dioksid i NOx \u2013 azotni oksid. U Srbiji se nalaze 4 od 12 najve\u0107ih pojedina\u010dnih zaga\u0111iva\u010da vazduha u Evropi. Kvalitet vazduha u Srbiji je lo\u0161, merenja pokazuju [&hellip;]<\/p>\n","protected":false},"author":1,"featured_media":0,"parent":0,"menu_order":0,"comment_status":"closed","ping_status":"closed","template":"page-no-title","meta":{"_uag_custom_page_level_css":"","footnotes":""},"class_list":["post-56","page","type-page","status-publish","hentry"],"uagb_featured_image_src":{"full":false,"thumbnail":false,"medium":false,"medium_large":false,"large":false,"1536x1536":false,"2048x2048":false,"trp-custom-language-flag":false},"uagb_author_info":{"display_name":"admin","author_link":"https:\/\/terrasolar.rs\/sr\/author\/admin\/"},"uagb_comment_info":0,"uagb_excerpt":"Analiza koju je pripremio Evropski registar zaga\u0111iva\u010da,&nbsp;The European Pollutant Release and Transfer Register&nbsp;prikazuje 12 najve\u0107ih pojedina\u010dnih zaga\u0111iva\u010da u evropi u kategorijama SO2 \u2013 sulfur dioksid, CO2 \u2013 ugljen dioksid i NOx \u2013 azotni oksid. U Srbiji se nalaze 4 od 12 najve\u0107ih pojedina\u010dnih zaga\u0111iva\u010da vazduha u Evropi. Kvalitet vazduha u Srbiji je lo\u0161, merenja pokazuju&hellip;","_links":{"self":[{"href":"https:\/\/terrasolar.rs\/sr\/wp-json\/wp\/v2\/pages\/56","targetHints":{"allow":["GET"]}}],"collection":[{"href":"https:\/\/terrasolar.rs\/sr\/wp-json\/wp\/v2\/pages"}],"about":[{"href":"https:\/\/terrasolar.rs\/sr\/wp-json\/wp\/v2\/types\/page"}],"author":[{"embeddable":true,"href":"https:\/\/terrasolar.rs\/sr\/wp-json\/wp\/v2\/users\/1"}],"replies":[{"embeddable":true,"href":"https:\/\/terrasolar.rs\/sr\/wp-json\/wp\/v2\/comments?post=56"}],"version-history":[{"count":54,"href":"https:\/\/terrasolar.rs\/sr\/wp-json\/wp\/v2\/pages\/56\/revisions"}],"predecessor-version":[{"id":460,"href":"https:\/\/terrasolar.rs\/sr\/wp-json\/wp\/v2\/pages\/56\/revisions\/460"}],"wp:attachment":[{"href":"https:\/\/terrasolar.rs\/sr\/wp-json\/wp\/v2\/media?parent=56"}],"curies":[{"name":"wp","href":"https:\/\/api.w.org\/{rel}","templated":true}]}}