{"id":220,"date":"2025-05-18T11:00:30","date_gmt":"2025-05-18T11:00:30","guid":{"rendered":"https:\/\/terrasolar.rs\/?page_id=220"},"modified":"2025-06-08T09:53:07","modified_gmt":"2025-06-08T09:53:07","slug":"imt-knjazevac","status":"publish","type":"page","link":"https:\/\/terrasolar.rs\/sr\/imt-knjazevac\/","title":{"rendered":"IMT Knja\u017eevac"},"content":{"rendered":"\n<div class=\"wp-block-uagb-container uagb-block-keyc0hkp alignfull uagb-is-root-container\"><div class=\"uagb-container-inner-blocks-wrap\">\n<p class=\"has-text-align-center has-base-color has-text-color has-link-color wp-elements-9ad13d08fa6b75cbe2a1244dec5ca00c\">Instalirana snaga 1724kWp<\/p>\n<\/div><\/div>\n\n\n\n<div class=\"wp-block-uagb-info-box uagb-block-c095a5d7 uagb-infobox__content-wrap  uagb-infobox-icon-above-title uagb-infobox-image-valign-top\"><div class=\"uagb-ifb-content\"><div class=\"uagb-ifb-title-wrap\"><h3 class=\"uagb-ifb-title\">IMT Knja\u017eevac<\/h3><\/div><p class=\"uagb-ifb-desc\">Instalirana snaga 1724kWp<\/p><div class=\"uagb-ifb-separator\"><\/div><\/div><\/div>\n\n\n\n<div data-aos= \"slide-up\" data-aos-duration=\"400\" data-aos-delay=\"0\" data-aos-easing=\"ease\" data-aos-once=\"true\" class=\"wp-block-uagb-container uagb-block-wrll8npq alignfull uagb-is-root-container\"><div class=\"uagb-container-inner-blocks-wrap\">\n<figure class=\"wp-block-image size-custom is-resized\"><img decoding=\"async\" src=\"https:\/\/terrasolar.rs\/wp-content\/uploads\/2025\/05\/viber_image_2023-10-25_18-21-52-779-003-1024x768.jpg\" alt=\"\" style=\"aspect-ratio:0.5625;object-fit:cover;width:642px;height:auto\"\/><\/figure>\n\n\n\n<div data-aos= \"fade-down\" data-aos-duration=\"400\" data-aos-delay=\"0\" data-aos-easing=\"ease\" data-aos-once=\"true\" class=\"wp-block-uagb-container uagb-block-iuiiytd0\">\n<div data-aos= \"fade-up\" data-aos-duration=\"400\" data-aos-delay=\"0\" data-aos-easing=\"ease\" data-aos-once=\"true\" class=\"wp-block-uagb-info-box uagb-block-q8yektkb uagb-infobox__content-wrap  uagb-infobox-icon-above-title uagb-infobox-image-valign-top\"><div class=\"uagb-ifb-content\"><div class=\"uagb-ifb-title-wrap\"><h3 class=\"uagb-ifb-title\">Opis projekta<\/h3><\/div><p class=\"uagb-ifb-desc\">Solarna elektranu \u201dIMT Knja\u017eevac\u201d je izgra\u0111ena na krovu objekta IMT Knja\u017eevac, u mestu Knja\u017eevac, op\u0161tina Knja\u017eevac, namenjena za konverziju sun\u010deve energije u elektri\u010dnu energiju pomo\u0107u fotonaponskih panela (PV).<br>&nbsp;<br>Instalisana snaga solarne elektrane je 1724kWp, dok je izlazna snaga AC dimenzionisana na 1.5MW. Solarnu elektranu \u201cIMT Knja\u017eevac\u201d \u010dine slede\u0107e energetske instalacije:<\/p><\/div><\/div>\n\n\n\n<div class=\"wp-block-uagb-icon-list uagb-block-rzspogad\"><div class=\"uagb-icon-list__wrap\">\n<div data-aos= \"fade-up\" data-aos-duration=\"400\" data-aos-delay=\"0\" data-aos-easing=\"ease\" data-aos-once=\"true\" class=\"wp-block-uagb-icon-list-child uagb-block-sk4bpraf\"><span class=\"uagb-icon-list__source-wrap\"><svg xmlns=\"https:\/\/www.w3.org\/2000\/svg\" viewBox=\"0 0 512 512\"><path d=\"M0 256C0 114.6 114.6 0 256 0C397.4 0 512 114.6 512 256C512 397.4 397.4 512 256 512C114.6 512 0 397.4 0 256zM256 352C309 352 352 309 352 256C352 202.1 309 160 256 160C202.1 160 160 202.1 160 256C160 309 202.1 352 256 352z\"><\/path><\/svg><\/span><span class=\"uagb-icon-list__label\">Monokristalni solarni paneli snage 480W, u koli\u010dini od 3592 kom, vezanih redno u tkz. &#8220;stringove&#8217;,<\/span><\/div>\n\n\n\n<div data-aos= \"fade-up\" data-aos-duration=\"400\" data-aos-delay=\"0\" data-aos-easing=\"ease\" data-aos-once=\"true\" class=\"wp-block-uagb-icon-list-child uagb-block-xgae8azd\"><span class=\"uagb-icon-list__source-wrap\"><svg xmlns=\"https:\/\/www.w3.org\/2000\/svg\" viewBox=\"0 0 512 512\"><path d=\"M0 256C0 114.6 114.6 0 256 0C397.4 0 512 114.6 512 256C512 397.4 397.4 512 256 512C114.6 512 0 397.4 0 256zM256 352C309 352 352 309 352 256C352 202.1 309 160 256 160C202.1 160 160 202.1 160 256C160 309 202.1 352 256 352z\"><\/path><\/svg><\/span><span class=\"uagb-icon-list__label\">Aluminijumski nosa\u010di solarnih panela,<\/span><\/div>\n\n\n\n<div data-aos= \"fade-up\" data-aos-duration=\"400\" data-aos-delay=\"0\" data-aos-easing=\"ease\" data-aos-once=\"true\" class=\"wp-block-uagb-icon-list-child uagb-block-ngbegpvu\"><span class=\"uagb-icon-list__source-wrap\"><svg xmlns=\"https:\/\/www.w3.org\/2000\/svg\" viewBox=\"0 0 512 512\"><path d=\"M0 256C0 114.6 114.6 0 256 0C397.4 0 512 114.6 512 256C512 397.4 397.4 512 256 512C114.6 512 0 397.4 0 256zM256 352C309 352 352 309 352 256C352 202.1 309 160 256 160C202.1 160 160 202.1 160 256C160 309 202.1 352 256 352z\"><\/path><\/svg><\/span><span class=\"uagb-icon-list__label\">28 mre\u017enih invertora, snage 50kW, koji energiju iz solarnih panela na ulazu direktno pretvara u elektri\u010dnu energiju naizmeni\u010dne struje u trofaznom sistemu 400V,<\/span><\/div>\n\n\n\n<div data-aos= \"fade-up\" data-aos-duration=\"400\" data-aos-delay=\"0\" data-aos-easing=\"ease\" data-aos-once=\"true\" class=\"wp-block-uagb-icon-list-child uagb-block-c086bca6\"><span class=\"uagb-icon-list__source-wrap\"><svg xmlns=\"https:\/\/www.w3.org\/2000\/svg\" viewBox=\"0 0 512 512\"><path d=\"M0 256C0 114.6 114.6 0 256 0C397.4 0 512 114.6 512 256C512 397.4 397.4 512 256 512C114.6 512 0 397.4 0 256zM256 352C309 352 352 309 352 256C352 202.1 309 160 256 160C202.1 160 160 202.1 160 256C160 309 202.1 352 256 352z\"><\/path><\/svg><\/span><span class=\"uagb-icon-list__label\">Energetskih i komunikacioniih kablova,<\/span><\/div>\n\n\n\n<div data-aos= \"fade-up\" data-aos-duration=\"400\" data-aos-delay=\"0\" data-aos-easing=\"ease\" data-aos-once=\"true\" class=\"wp-block-uagb-icon-list-child uagb-block-hdpc79af\"><span class=\"uagb-icon-list__source-wrap\"><svg xmlns=\"https:\/\/www.w3.org\/2000\/svg\" viewBox=\"0 0 512 512\"><path d=\"M0 256C0 114.6 114.6 0 256 0C397.4 0 512 114.6 512 256C512 397.4 397.4 512 256 512C114.6 512 0 397.4 0 256zM256 352C309 352 352 309 352 256C352 202.1 309 160 256 160C202.1 160 160 202.1 160 256C160 309 202.1 352 256 352z\"><\/path><\/svg><\/span><span class=\"uagb-icon-list__label\">Nova MLTS 10\/0.4kV,<\/span><\/div>\n\n\n\n<div data-aos= \"fade-up\" data-aos-duration=\"400\" data-aos-delay=\"0\" data-aos-easing=\"ease\" data-aos-once=\"true\" class=\"wp-block-uagb-icon-list-child uagb-block-fd49f994\"><span class=\"uagb-icon-list__source-wrap\"><svg xmlns=\"https:\/\/www.w3.org\/2000\/svg\" viewBox=\"0 0 512 512\"><path d=\"M0 256C0 114.6 114.6 0 256 0C397.4 0 512 114.6 512 256C512 397.4 397.4 512 256 512C114.6 512 0 397.4 0 256zM256 352C309 352 352 309 352 256C352 202.1 309 160 256 160C202.1 160 160 202.1 160 256C160 309 202.1 352 256 352z\"><\/path><\/svg><\/span><span class=\"uagb-icon-list__label\">Kao i povezni 10kV vod do postoje\u0107e elektroenergetske infrastrukture, zapravo TS 35\/10kV Knja\u017eevac 3, sa opremanjem.<\/span><\/div>\n<\/div><\/div>\n\n\n\n<p>Solarna elektrana Terra Solar \u2013 IMT Knja\u017eevac, je otpo\u010dela probni rad od 14.februara, 2024. godine. Zaklju\u010dno sa 31.08.2024 godine proizvedeno je 1.374 MWh zelene energije.<\/p>\n<\/div>\n<\/div><\/div>\n\n\n\n<div class=\"wp-block-uagb-container uagb-block-bf2d17d8 alignfull uagb-is-root-container\"><div class=\"uagb-container-inner-blocks-wrap\"><\/div><\/div>\n","protected":false},"excerpt":{"rendered":"<p>Instalirana snaga 1724kWp Solarna elektrana Terra Solar \u2013 IMT Knja\u017eevac, je otpo\u010dela probni rad od 14.februara, 2024. godine. Zaklju\u010dno sa 31.08.2024 godine proizvedeno je 1.374 MWh zelene energije.<\/p>\n","protected":false},"author":1,"featured_media":0,"parent":0,"menu_order":0,"comment_status":"closed","ping_status":"closed","template":"page-no-title","meta":{"_uag_custom_page_level_css":"","footnotes":""},"class_list":["post-220","page","type-page","status-publish","hentry"],"uagb_featured_image_src":{"full":false,"thumbnail":false,"medium":false,"medium_large":false,"large":false,"1536x1536":false,"2048x2048":false,"trp-custom-language-flag":false},"uagb_author_info":{"display_name":"admin","author_link":"https:\/\/terrasolar.rs\/sr\/author\/admin\/"},"uagb_comment_info":0,"uagb_excerpt":"Instalirana snaga 1724kWp Solarna elektrana Terra Solar \u2013 IMT Knja\u017eevac, je otpo\u010dela probni rad od 14.februara, 2024. godine. Zaklju\u010dno sa 31.08.2024 godine proizvedeno je 1.374 MWh zelene energije.","_links":{"self":[{"href":"https:\/\/terrasolar.rs\/sr\/wp-json\/wp\/v2\/pages\/220","targetHints":{"allow":["GET"]}}],"collection":[{"href":"https:\/\/terrasolar.rs\/sr\/wp-json\/wp\/v2\/pages"}],"about":[{"href":"https:\/\/terrasolar.rs\/sr\/wp-json\/wp\/v2\/types\/page"}],"author":[{"embeddable":true,"href":"https:\/\/terrasolar.rs\/sr\/wp-json\/wp\/v2\/users\/1"}],"replies":[{"embeddable":true,"href":"https:\/\/terrasolar.rs\/sr\/wp-json\/wp\/v2\/comments?post=220"}],"version-history":[{"count":18,"href":"https:\/\/terrasolar.rs\/sr\/wp-json\/wp\/v2\/pages\/220\/revisions"}],"predecessor-version":[{"id":429,"href":"https:\/\/terrasolar.rs\/sr\/wp-json\/wp\/v2\/pages\/220\/revisions\/429"}],"wp:attachment":[{"href":"https:\/\/terrasolar.rs\/sr\/wp-json\/wp\/v2\/media?parent=220"}],"curies":[{"name":"wp","href":"https:\/\/api.w.org\/{rel}","templated":true}]}}